{"id":2509,"date":"2024-11-06T19:21:34","date_gmt":"2024-11-07T01:21:34","guid":{"rendered":"http:\/\/lapercasa.com\/?page_id=2509"},"modified":"2024-11-06T23:04:17","modified_gmt":"2024-11-07T05:04:17","slug":"nuestra-filosofia","status":"publish","type":"page","link":"http:\/\/lapercasa.com\/index.php\/nuestra-filosofia\/","title":{"rendered":"Nuestra Filosof\u00eda"},"content":{"rendered":"\t\t<div data-elementor-type=\"wp-page\" data-elementor-id=\"2509\" class=\"elementor elementor-2509\">\n\t\t\t\t<div class=\"elementor-element elementor-element-d76d743 e-flex e-con-boxed e-con e-parent\" data-id=\"d76d743\" data-element_type=\"container\">\n\t\t\t\t\t<div class=\"e-con-inner\">\n\t\t\t\t\t<\/div>\n\t\t\t\t<\/div>\n\t\t<div class=\"elementor-element elementor-element-45f13f7 e-flex e-con-boxed e-con e-parent\" data-id=\"45f13f7\" data-element_type=\"container\">\n\t\t\t\t\t<div class=\"e-con-inner\">\n\t\t\t\t<div class=\"elementor-element elementor-element-476ba6c elementor-widget elementor-widget-heading\" data-id=\"476ba6c\" data-element_type=\"widget\" data-widget_type=\"heading.default\">\n\t\t\t\t<div class=\"elementor-widget-container\">\n\t\t\t\t\t<h2 class=\"elementor-heading-title elementor-size-default\">Nuestra Filosof\u00eda<\/h2>\t\t\t\t<\/div>\n\t\t\t\t<\/div>\n\t\t<div class=\"elementor-element elementor-element-643f8af e-con-full e-flex e-con e-child\" data-id=\"643f8af\" data-element_type=\"container\" data-settings=\"{&quot;background_background&quot;:&quot;classic&quot;}\">\n\t\t\t\t<div class=\"elementor-element elementor-element-3683c55 elementor-widget elementor-widget-text-editor\" data-id=\"3683c55\" data-element_type=\"widget\" data-widget_type=\"text-editor.default\">\n\t\t\t\t<div class=\"elementor-widget-container\">\n\t\t\t\t\t\t\t\t\t<p class=\"style1\" align=\"justify\">Somos una empresa comprometida con la satisfacci\u00f3n total del nuestros clientes.<\/p>\n<p class=\"style1\" align=\"justify\"><br><\/p>\n<p class=\"style1\" align=\"justify\">Al elegirnos como su proveedor usted cuenta con la garant\u00eda de que recibir\u00e1 productos de la calidad especificada en nuestros contratos as\u00ed como la puntualidad en la entrega.<\/p>\n<p class=\"style1\" align=\"justify\"><br><\/p>\n<p class=\"style1\" align=\"justify\">Nuestros asociados y colaboradores cuentan con la experiencia suficiente para resolver las dificultades en los espacios en que solicite un servicio, por lo tanto tenga la seguridad de que somos parte de la soluci\u00f3n que usted busca.<\/p>\n<p class=\"style1\" align=\"justify\"><br><\/p>\n<p class=\"style1\" align=\"justify\">La experiencia que nos respalda est\u00e1 a su servicio tanto en productos y servicios unitarios como en los de gran escala.<\/p>\n<p class=\"style1\" align=\"justify\"><br><\/p>\n<p class=\"style1\" align=\"justify\">Al hacer contacto con nosotros est\u00e1 acudiendo a una empresa en la que proporcionaremos toda la informaci\u00f3n suficiente para que su compra o contrataci\u00f3n de servicios sea la m\u00e1s acertada.<\/p><p class=\"style1\" align=\"justify\"><br><\/p>\t\t\t\t\t\t\t\t<\/div>\n\t\t\t\t<\/div>\n\t\t\t\t<\/div>\n\t\t\t\t\t<\/div>\n\t\t\t\t<\/div>\n\t\t<div class=\"elementor-element elementor-element-699bf0c e-flex e-con-boxed e-con e-parent\" data-id=\"699bf0c\" data-element_type=\"container\">\n\t\t\t\t\t<div class=\"e-con-inner\">\n\t\t\t\t\t<\/div>\n\t\t\t\t<\/div>\n\t\t\t\t<\/div>\n\t\t","protected":false},"excerpt":{"rendered":"<p>Nuestra Filosof\u00eda Somos una empresa comprometida con la satisfacci\u00f3n total del nuestros clientes. Al elegirnos como su proveedor usted cuenta con la garant\u00eda de que recibir\u00e1 productos de la calidad especificada en nuestros contratos as\u00ed como la puntualidad en la entrega. Nuestros asociados y colaboradores cuentan con la experiencia suficiente para resolver las dificultades en [&hellip;]<\/p>\n","protected":false},"author":1,"featured_media":0,"parent":0,"menu_order":0,"comment_status":"closed","ping_status":"closed","template":"","meta":{"_uag_custom_page_level_css":"","site-sidebar-layout":"no-sidebar","site-content-layout":"page-builder","ast-site-content-layout":"full-width-container","site-content-style":"default","site-sidebar-style":"default","ast-global-header-display":"","ast-banner-title-visibility":"","ast-main-header-display":"","ast-hfb-above-header-display":"","ast-hfb-below-header-display":"","ast-hfb-mobile-header-display":"","site-post-title":"disabled","ast-breadcrumbs-content":"","ast-featured-img":"disabled","footer-sml-layout":"","ast-disable-related-posts":"","theme-transparent-header-meta":"","adv-header-id-meta":"","stick-header-meta":"","header-above-stick-meta":"","header-main-stick-meta":"","header-below-stick-meta":"","astra-migrate-meta-layouts":"set","ast-page-background-enabled":"default","ast-page-background-meta":{"desktop":{"background-color":"var(--ast-global-color-4)","background-image":"","background-repeat":"repeat","background-position":"center center","background-size":"auto","background-attachment":"scroll","background-type":"","background-media":"","overlay-type":"","overlay-color":"","overlay-opacity":"","overlay-gradient":""},"tablet":{"background-color":"","background-image":"","background-repeat":"repeat","background-position":"center center","background-size":"auto","background-attachment":"scroll","background-type":"","background-media":"","overlay-type":"","overlay-color":"","overlay-opacity":"","overlay-gradient":""},"mobile":{"background-color":"","background-image":"","background-repeat":"repeat","background-position":"center center","background-size":"auto","background-attachment":"scroll","background-type":"","background-media":"","overlay-type":"","overlay-color":"","overlay-opacity":"","overlay-gradient":""}},"ast-content-background-meta":{"desktop":{"background-color":"var(--ast-global-color-5)","background-image":"","background-repeat":"repeat","background-position":"center center","background-size":"auto","background-attachment":"scroll","background-type":"","background-media":"","overlay-type":"","overlay-color":"","overlay-opacity":"","overlay-gradient":""},"tablet":{"background-color":"var(--ast-global-color-5)","background-image":"","background-repeat":"repeat","background-position":"center center","background-size":"auto","background-attachment":"scroll","background-type":"","background-media":"","overlay-type":"","overlay-color":"","overlay-opacity":"","overlay-gradient":""},"mobile":{"background-color":"var(--ast-global-color-5)","background-image":"","background-repeat":"repeat","background-position":"center center","background-size":"auto","background-attachment":"scroll","background-type":"","background-media":"","overlay-type":"","overlay-color":"","overlay-opacity":"","overlay-gradient":""}},"footnotes":""},"class_list":["post-2509","page","type-page","status-publish","hentry"],"uagb_featured_image_src":{"full":false,"thumbnail":false,"medium":false,"medium_large":false,"large":false,"1536x1536":false,"2048x2048":false},"uagb_author_info":{"display_name":"Martin","author_link":"http:\/\/lapercasa.com\/index.php\/author\/martin\/"},"uagb_comment_info":0,"uagb_excerpt":"Nuestra Filosof\u00eda Somos una empresa comprometida con la satisfacci\u00f3n total del nuestros clientes. Al elegirnos como su proveedor usted cuenta con la garant\u00eda de que recibir\u00e1 productos de la calidad especificada en nuestros contratos as\u00ed como la puntualidad en la entrega. Nuestros asociados y colaboradores cuentan con la experiencia suficiente para resolver las dificultades en&hellip;","_links":{"self":[{"href":"http:\/\/lapercasa.com\/index.php\/wp-json\/wp\/v2\/pages\/2509","targetHints":{"allow":["GET"]}}],"collection":[{"href":"http:\/\/lapercasa.com\/index.php\/wp-json\/wp\/v2\/pages"}],"about":[{"href":"http:\/\/lapercasa.com\/index.php\/wp-json\/wp\/v2\/types\/page"}],"author":[{"embeddable":true,"href":"http:\/\/lapercasa.com\/index.php\/wp-json\/wp\/v2\/users\/1"}],"replies":[{"embeddable":true,"href":"http:\/\/lapercasa.com\/index.php\/wp-json\/wp\/v2\/comments?post=2509"}],"version-history":[{"count":10,"href":"http:\/\/lapercasa.com\/index.php\/wp-json\/wp\/v2\/pages\/2509\/revisions"}],"predecessor-version":[{"id":2665,"href":"http:\/\/lapercasa.com\/index.php\/wp-json\/wp\/v2\/pages\/2509\/revisions\/2665"}],"wp:attachment":[{"href":"http:\/\/lapercasa.com\/index.php\/wp-json\/wp\/v2\/media?parent=2509"}],"curies":[{"name":"wp","href":"https:\/\/api.w.org\/{rel}","templated":true}]}}