{"id":2450,"date":"2024-11-05T19:35:17","date_gmt":"2024-11-06T01:35:17","guid":{"rendered":"http:\/\/lapercasa.com\/?page_id=2450"},"modified":"2025-01-28T23:39:37","modified_gmt":"2025-01-29T05:39:37","slug":"productos-multypanel","status":"publish","type":"page","link":"http:\/\/lapercasa.com\/index.php\/productos-multypanel\/","title":{"rendered":"Productos Multypanel"},"content":{"rendered":"\t\t<div data-elementor-type=\"wp-page\" data-elementor-id=\"2450\" class=\"elementor elementor-2450\">\n\t\t\t\t<div class=\"elementor-element elementor-element-d776a8e e-flex e-con-boxed e-con e-parent\" data-id=\"d776a8e\" data-element_type=\"container\">\n\t\t\t\t\t<div class=\"e-con-inner\">\n\t\t<div class=\"elementor-element elementor-element-3a0a95e e-con-full e-flex e-con e-child\" data-id=\"3a0a95e\" data-element_type=\"container\">\n\t\t\t\t<div class=\"elementor-element elementor-element-8fa13e5 elementor-widget elementor-widget-image\" data-id=\"8fa13e5\" data-element_type=\"widget\" data-widget_type=\"image.default\">\n\t\t\t\t<div class=\"elementor-widget-container\">\n\t\t\t\t\t\t\t\t\t\t\t\t\t\t\t<img fetchpriority=\"high\" decoding=\"async\" width=\"266\" height=\"206\" src=\"http:\/\/lapercasa.com\/wp-content\/uploads\/2024\/11\/Multymuro.jpg\" class=\"attachment-large size-large wp-image-2452\" alt=\"\" \/>\t\t\t\t\t\t\t\t\t\t\t\t\t\t\t<\/div>\n\t\t\t\t<\/div>\n\t\t\t\t<\/div>\n\t\t<div class=\"elementor-element elementor-element-4620db5 e-con-full e-flex e-con e-child\" data-id=\"4620db5\" data-element_type=\"container\">\n\t\t\t\t<div class=\"elementor-element elementor-element-8f57dee elementor-widget elementor-widget-image\" data-id=\"8f57dee\" data-element_type=\"widget\" data-widget_type=\"image.default\">\n\t\t\t\t<div class=\"elementor-widget-container\">\n\t\t\t\t\t\t\t\t\t\t\t\t\t\t\t<img decoding=\"async\" width=\"266\" height=\"206\" src=\"http:\/\/lapercasa.com\/wp-content\/uploads\/2024\/11\/Multytecho.jpg\" class=\"attachment-large size-large wp-image-2453\" alt=\"\" \/>\t\t\t\t\t\t\t\t\t\t\t\t\t\t\t<\/div>\n\t\t\t\t<\/div>\n\t\t\t\t<\/div>\n\t\t<div class=\"elementor-element elementor-element-c3aaa77 e-con-full e-flex e-con e-child\" data-id=\"c3aaa77\" data-element_type=\"container\">\n\t\t\t\t<div class=\"elementor-element elementor-element-dd43588 elementor-widget elementor-widget-image\" data-id=\"dd43588\" data-element_type=\"widget\" data-widget_type=\"image.default\">\n\t\t\t\t<div class=\"elementor-widget-container\">\n\t\t\t\t\t\t\t\t\t\t\t\t\t\t\t<img decoding=\"async\" width=\"267\" height=\"206\" src=\"http:\/\/lapercasa.com\/wp-content\/uploads\/2024\/11\/Glamet.png\" class=\"attachment-large size-large wp-image-2454\" alt=\"\" \/>\t\t\t\t\t\t\t\t\t\t\t\t\t\t\t<\/div>\n\t\t\t\t<\/div>\n\t\t\t\t<\/div>\n\t\t\t\t\t<\/div>\n\t\t\t\t<\/div>\n\t\t<div class=\"elementor-element elementor-element-9360211 e-flex e-con-boxed e-con e-parent\" data-id=\"9360211\" data-element_type=\"container\">\n\t\t\t\t\t<div class=\"e-con-inner\">\n\t\t\t\t<div class=\"elementor-element elementor-element-d32b68e elementor-widget-divider--view-line elementor-widget elementor-widget-divider\" data-id=\"d32b68e\" data-element_type=\"widget\" data-widget_type=\"divider.default\">\n\t\t\t\t<div class=\"elementor-widget-container\">\n\t\t\t\t\t\t\t<div class=\"elementor-divider\">\n\t\t\t<span class=\"elementor-divider-separator\">\n\t\t\t\t\t\t<\/span>\n\t\t<\/div>\n\t\t\t\t\t\t<\/div>\n\t\t\t\t<\/div>\n\t\t\t\t\t<\/div>\n\t\t\t\t<\/div>\n\t\t<div class=\"elementor-element elementor-element-04c3a2a e-flex e-con-boxed e-con e-parent\" data-id=\"04c3a2a\" data-element_type=\"container\">\n\t\t\t\t\t<div class=\"e-con-inner\">\n\t\t<div class=\"elementor-element elementor-element-6419425 e-con-full e-flex e-con e-child\" data-id=\"6419425\" data-element_type=\"container\">\n\t\t\t\t<div class=\"elementor-element elementor-element-f509faf elementor-widget elementor-widget-heading\" data-id=\"f509faf\" data-element_type=\"widget\" data-widget_type=\"heading.default\">\n\t\t\t\t<div class=\"elementor-widget-container\">\n\t\t\t\t\t<h2 class=\"elementor-heading-title elementor-size-default\">Multypanel<\/h2>\t\t\t\t<\/div>\n\t\t\t\t<\/div>\n\t\t\t\t<div class=\"elementor-element elementor-element-5a60104 elementor-widget elementor-widget-text-editor\" data-id=\"5a60104\" data-element_type=\"widget\" data-widget_type=\"text-editor.default\">\n\t\t\t\t<div class=\"elementor-widget-container\">\n\t\t\t\t\t\t\t\t\t<p class=\"style4\" align=\"center\">Panel aislante compuesto de dos hojas de l\u00e1mina galvanizada y prepintada, integradas por un n\u00facleo de Poliuretano r\u00edgido y con un sistema de uni\u00f3n hemmbra-macho para:<\/p><p class=\"style4\" align=\"center\">\u00a0<\/p><p class=\"style1\" align=\"center\">Construcci\u00f3n de Casetas prefabricadas, Aulas, Muros divisorios, Techumbres, etc.<\/p>\t\t\t\t\t\t\t\t<\/div>\n\t\t\t\t<\/div>\n\t\t\t\t<\/div>\n\t\t<div class=\"elementor-element elementor-element-119dcae e-con-full e-flex e-con e-child\" data-id=\"119dcae\" data-element_type=\"container\">\n\t\t\t\t<div class=\"elementor-element elementor-element-ee3becd elementor-widget elementor-widget-heading\" data-id=\"ee3becd\" data-element_type=\"widget\" data-widget_type=\"heading.default\">\n\t\t\t\t<div class=\"elementor-widget-container\">\n\t\t\t\t\t<h2 class=\"elementor-heading-title elementor-size-default\">Detalle de fijaci\u00f3n de miltytecho<\/h2>\t\t\t\t<\/div>\n\t\t\t\t<\/div>\n\t\t\t\t<div class=\"elementor-element elementor-element-c6534d0 elementor-widget elementor-widget-image\" data-id=\"c6534d0\" data-element_type=\"widget\" data-widget_type=\"image.default\">\n\t\t\t\t<div class=\"elementor-widget-container\">\n\t\t\t\t\t\t\t\t\t\t\t\t\t\t\t\t<a href=\"http:\/\/lapercasa.com\/index.php\/detalle-de-fijacion\/\">\n\t\t\t\t\t\t\t<img loading=\"lazy\" decoding=\"async\" width=\"300\" height=\"225\" src=\"http:\/\/lapercasa.com\/wp-content\/uploads\/2024\/11\/EnsambleMulty-300x225.png\" class=\"attachment-medium size-medium wp-image-2455\" alt=\"\" srcset=\"http:\/\/lapercasa.com\/wp-content\/uploads\/2024\/11\/EnsambleMulty-300x225.png 300w, http:\/\/lapercasa.com\/wp-content\/uploads\/2024\/11\/EnsambleMulty-768x576.png 768w, http:\/\/lapercasa.com\/wp-content\/uploads\/2024\/11\/EnsambleMulty.png 800w\" sizes=\"(max-width: 300px) 100vw, 300px\" \/>\t\t\t\t\t\t\t\t<\/a>\n\t\t\t\t\t\t\t\t\t\t\t\t\t\t\t<\/div>\n\t\t\t\t<\/div>\n\t\t\t\t<\/div>\n\t\t\t\t\t<\/div>\n\t\t\t\t<\/div>\n\t\t<div class=\"elementor-element elementor-element-3c670fa e-flex e-con-boxed e-con e-parent\" data-id=\"3c670fa\" data-element_type=\"container\">\n\t\t\t\t\t<div class=\"e-con-inner\">\n\t\t\t\t<div class=\"elementor-element elementor-element-cf0ee1d elementor-widget-divider--view-line elementor-widget elementor-widget-divider\" data-id=\"cf0ee1d\" data-element_type=\"widget\" data-widget_type=\"divider.default\">\n\t\t\t\t<div class=\"elementor-widget-container\">\n\t\t\t\t\t\t\t<div class=\"elementor-divider\">\n\t\t\t<span class=\"elementor-divider-separator\">\n\t\t\t\t\t\t<\/span>\n\t\t<\/div>\n\t\t\t\t\t\t<\/div>\n\t\t\t\t<\/div>\n\t\t\t\t\t<\/div>\n\t\t\t\t<\/div>\n\t\t<div class=\"elementor-element elementor-element-5075385 e-flex e-con-boxed e-con e-parent\" data-id=\"5075385\" data-element_type=\"container\">\n\t\t\t\t\t<div class=\"e-con-inner\">\n\t\t\t\t<div class=\"elementor-element elementor-element-7906fe8 elementor-widget elementor-widget-heading\" data-id=\"7906fe8\" data-element_type=\"widget\" data-widget_type=\"heading.default\">\n\t\t\t\t<div class=\"elementor-widget-container\">\n\t\t\t\t\t<h2 class=\"elementor-heading-title elementor-size-default\">Galer\u00eda de productos Multypanel<\/h2>\t\t\t\t<\/div>\n\t\t\t\t<\/div>\n\t\t\t\t\t<\/div>\n\t\t\t\t<\/div>\n\t\t<div class=\"elementor-element elementor-element-f0102f8 e-flex e-con-boxed e-con e-parent\" data-id=\"f0102f8\" data-element_type=\"container\">\n\t\t\t\t\t<div class=\"e-con-inner\">\n\t\t<div class=\"elementor-element elementor-element-e5cf6e7 e-con-full e-flex e-con e-child\" data-id=\"e5cf6e7\" data-element_type=\"container\">\n\t\t\t\t<div class=\"elementor-element elementor-element-ca99586 elementor-widget elementor-widget-image-gallery\" data-id=\"ca99586\" data-element_type=\"widget\" data-widget_type=\"image-gallery.default\">\n\t\t\t\t<div class=\"elementor-widget-container\">\n\t\t\t\t\t\t\t<div class=\"elementor-image-gallery\">\n\t\t\t<div id='gallery-1' class='gallery galleryid-2450 gallery-columns-4 gallery-size-medium'><figure class='gallery-item'>\n\t\t\t<div class='gallery-icon landscape'>\n\t\t\t\t<a data-elementor-open-lightbox=\"yes\" data-elementor-lightbox-slideshow=\"ca99586\" data-elementor-lightbox-title=\"Multypanel1\" data-e-action-hash=\"#elementor-action%3Aaction%3Dlightbox%26settings%3DeyJpZCI6MjQ1NiwidXJsIjoiaHR0cDpcL1wvbGFwZXJjYXNhLmNvbVwvd3AtY29udGVudFwvdXBsb2Fkc1wvMjAyNFwvMTFcL011bHR5cGFuZWwxLmpwZyIsInNsaWRlc2hvdyI6ImNhOTk1ODYifQ%3D%3D\" href='http:\/\/lapercasa.com\/wp-content\/uploads\/2024\/11\/Multypanel1.jpg'><img loading=\"lazy\" decoding=\"async\" width=\"300\" height=\"169\" src=\"http:\/\/lapercasa.com\/wp-content\/uploads\/2024\/11\/Multypanel1-300x169.jpg\" class=\"attachment-medium size-medium\" alt=\"\" srcset=\"http:\/\/lapercasa.com\/wp-content\/uploads\/2024\/11\/Multypanel1-300x169.jpg 300w, http:\/\/lapercasa.com\/wp-content\/uploads\/2024\/11\/Multypanel1.jpg 600w\" sizes=\"(max-width: 300px) 100vw, 300px\" \/><\/a>\n\t\t\t<\/div><\/figure><figure class='gallery-item'>\n\t\t\t<div class='gallery-icon landscape'>\n\t\t\t\t<a data-elementor-open-lightbox=\"yes\" data-elementor-lightbox-slideshow=\"ca99586\" data-elementor-lightbox-title=\"Multypanel2\" data-e-action-hash=\"#elementor-action%3Aaction%3Dlightbox%26settings%3DeyJpZCI6MjQ1NywidXJsIjoiaHR0cDpcL1wvbGFwZXJjYXNhLmNvbVwvd3AtY29udGVudFwvdXBsb2Fkc1wvMjAyNFwvMTFcL011bHR5cGFuZWwyLmpwZyIsInNsaWRlc2hvdyI6ImNhOTk1ODYifQ%3D%3D\" href='http:\/\/lapercasa.com\/wp-content\/uploads\/2024\/11\/Multypanel2.jpg'><img loading=\"lazy\" decoding=\"async\" width=\"300\" height=\"225\" src=\"http:\/\/lapercasa.com\/wp-content\/uploads\/2024\/11\/Multypanel2-300x225.jpg\" class=\"attachment-medium size-medium\" alt=\"\" srcset=\"http:\/\/lapercasa.com\/wp-content\/uploads\/2024\/11\/Multypanel2-300x225.jpg 300w, http:\/\/lapercasa.com\/wp-content\/uploads\/2024\/11\/Multypanel2.jpg 600w\" sizes=\"(max-width: 300px) 100vw, 300px\" \/><\/a>\n\t\t\t<\/div><\/figure><figure class='gallery-item'>\n\t\t\t<div class='gallery-icon landscape'>\n\t\t\t\t<a data-elementor-open-lightbox=\"yes\" data-elementor-lightbox-slideshow=\"ca99586\" data-elementor-lightbox-title=\"Multypanel3\" data-e-action-hash=\"#elementor-action%3Aaction%3Dlightbox%26settings%3DeyJpZCI6MjQ1OCwidXJsIjoiaHR0cDpcL1wvbGFwZXJjYXNhLmNvbVwvd3AtY29udGVudFwvdXBsb2Fkc1wvMjAyNFwvMTFcL011bHR5cGFuZWwzLmpwZyIsInNsaWRlc2hvdyI6ImNhOTk1ODYifQ%3D%3D\" href='http:\/\/lapercasa.com\/wp-content\/uploads\/2024\/11\/Multypanel3.jpg'><img loading=\"lazy\" decoding=\"async\" width=\"300\" height=\"169\" src=\"http:\/\/lapercasa.com\/wp-content\/uploads\/2024\/11\/Multypanel3-300x169.jpg\" class=\"attachment-medium size-medium\" alt=\"\" srcset=\"http:\/\/lapercasa.com\/wp-content\/uploads\/2024\/11\/Multypanel3-300x169.jpg 300w, http:\/\/lapercasa.com\/wp-content\/uploads\/2024\/11\/Multypanel3.jpg 600w\" sizes=\"(max-width: 300px) 100vw, 300px\" \/><\/a>\n\t\t\t<\/div><\/figure><figure class='gallery-item'>\n\t\t\t<div class='gallery-icon landscape'>\n\t\t\t\t<a data-elementor-open-lightbox=\"yes\" data-elementor-lightbox-slideshow=\"ca99586\" data-elementor-lightbox-title=\"Multypanel4\" data-e-action-hash=\"#elementor-action%3Aaction%3Dlightbox%26settings%3DeyJpZCI6MjQ1OSwidXJsIjoiaHR0cDpcL1wvbGFwZXJjYXNhLmNvbVwvd3AtY29udGVudFwvdXBsb2Fkc1wvMjAyNFwvMTFcL011bHR5cGFuZWw0LmpwZyIsInNsaWRlc2hvdyI6ImNhOTk1ODYifQ%3D%3D\" href='http:\/\/lapercasa.com\/wp-content\/uploads\/2024\/11\/Multypanel4.jpg'><img loading=\"lazy\" decoding=\"async\" width=\"300\" height=\"201\" src=\"http:\/\/lapercasa.com\/wp-content\/uploads\/2024\/11\/Multypanel4-300x201.jpg\" class=\"attachment-medium size-medium\" alt=\"\" srcset=\"http:\/\/lapercasa.com\/wp-content\/uploads\/2024\/11\/Multypanel4-300x201.jpg 300w, http:\/\/lapercasa.com\/wp-content\/uploads\/2024\/11\/Multypanel4.jpg 600w\" sizes=\"(max-width: 300px) 100vw, 300px\" \/><\/a>\n\t\t\t<\/div><\/figure><figure class='gallery-item'>\n\t\t\t<div class='gallery-icon landscape'>\n\t\t\t\t<a data-elementor-open-lightbox=\"yes\" data-elementor-lightbox-slideshow=\"ca99586\" data-elementor-lightbox-title=\"Multypanel5\" data-e-action-hash=\"#elementor-action%3Aaction%3Dlightbox%26settings%3DeyJpZCI6MjQ2MCwidXJsIjoiaHR0cDpcL1wvbGFwZXJjYXNhLmNvbVwvd3AtY29udGVudFwvdXBsb2Fkc1wvMjAyNFwvMTFcL011bHR5cGFuZWw1LmpwZyIsInNsaWRlc2hvdyI6ImNhOTk1ODYifQ%3D%3D\" href='http:\/\/lapercasa.com\/wp-content\/uploads\/2024\/11\/Multypanel5.jpg'><img loading=\"lazy\" decoding=\"async\" width=\"300\" height=\"169\" src=\"http:\/\/lapercasa.com\/wp-content\/uploads\/2024\/11\/Multypanel5-300x169.jpg\" class=\"attachment-medium size-medium\" alt=\"\" srcset=\"http:\/\/lapercasa.com\/wp-content\/uploads\/2024\/11\/Multypanel5-300x169.jpg 300w, http:\/\/lapercasa.com\/wp-content\/uploads\/2024\/11\/Multypanel5.jpg 600w\" sizes=\"(max-width: 300px) 100vw, 300px\" \/><\/a>\n\t\t\t<\/div><\/figure><figure class='gallery-item'>\n\t\t\t<div class='gallery-icon landscape'>\n\t\t\t\t<a data-elementor-open-lightbox=\"yes\" data-elementor-lightbox-slideshow=\"ca99586\" data-elementor-lightbox-title=\"Multypanel6\" data-e-action-hash=\"#elementor-action%3Aaction%3Dlightbox%26settings%3DeyJpZCI6MjQ2MSwidXJsIjoiaHR0cDpcL1wvbGFwZXJjYXNhLmNvbVwvd3AtY29udGVudFwvdXBsb2Fkc1wvMjAyNFwvMTFcL011bHR5cGFuZWw2LmpwZyIsInNsaWRlc2hvdyI6ImNhOTk1ODYifQ%3D%3D\" href='http:\/\/lapercasa.com\/wp-content\/uploads\/2024\/11\/Multypanel6.jpg'><img loading=\"lazy\" decoding=\"async\" width=\"300\" height=\"169\" src=\"http:\/\/lapercasa.com\/wp-content\/uploads\/2024\/11\/Multypanel6-300x169.jpg\" class=\"attachment-medium size-medium\" alt=\"\" srcset=\"http:\/\/lapercasa.com\/wp-content\/uploads\/2024\/11\/Multypanel6-300x169.jpg 300w, http:\/\/lapercasa.com\/wp-content\/uploads\/2024\/11\/Multypanel6.jpg 600w\" sizes=\"(max-width: 300px) 100vw, 300px\" \/><\/a>\n\t\t\t<\/div><\/figure><figure class='gallery-item'>\n\t\t\t<div class='gallery-icon portrait'>\n\t\t\t\t<a data-elementor-open-lightbox=\"yes\" data-elementor-lightbox-slideshow=\"ca99586\" data-elementor-lightbox-title=\"Multypanel8\" data-e-action-hash=\"#elementor-action%3Aaction%3Dlightbox%26settings%3DeyJpZCI6MjQ2MiwidXJsIjoiaHR0cDpcL1wvbGFwZXJjYXNhLmNvbVwvd3AtY29udGVudFwvdXBsb2Fkc1wvMjAyNFwvMTFcL011bHR5cGFuZWw4LmpwZyIsInNsaWRlc2hvdyI6ImNhOTk1ODYifQ%3D%3D\" href='http:\/\/lapercasa.com\/wp-content\/uploads\/2024\/11\/Multypanel8.jpg'><img loading=\"lazy\" decoding=\"async\" width=\"225\" height=\"300\" src=\"http:\/\/lapercasa.com\/wp-content\/uploads\/2024\/11\/Multypanel8-225x300.jpg\" class=\"attachment-medium size-medium\" alt=\"\" srcset=\"http:\/\/lapercasa.com\/wp-content\/uploads\/2024\/11\/Multypanel8-225x300.jpg 225w, http:\/\/lapercasa.com\/wp-content\/uploads\/2024\/11\/Multypanel8.jpg 338w\" sizes=\"(max-width: 225px) 100vw, 225px\" \/><\/a>\n\t\t\t<\/div><\/figure>\n\t\t<\/div>\n\t\t<\/div>\n\t\t\t\t\t\t<\/div>\n\t\t\t\t<\/div>\n\t\t\t\t<\/div>\n\t\t\t\t\t<\/div>\n\t\t\t\t<\/div>\n\t\t\t\t<\/div>\n\t\t","protected":false},"excerpt":{"rendered":"<p>Multypanel Panel aislante compuesto de dos hojas de l\u00e1mina galvanizada y prepintada, integradas por un n\u00facleo de Poliuretano r\u00edgido y con un sistema de uni\u00f3n hemmbra-macho para: \u00a0 Construcci\u00f3n de Casetas prefabricadas, Aulas, Muros divisorios, Techumbres, etc. Detalle de fijaci\u00f3n de miltytecho Galer\u00eda de productos Multypanel<\/p>\n","protected":false},"author":1,"featured_media":0,"parent":0,"menu_order":0,"comment_status":"closed","ping_status":"closed","template":"","meta":{"_uag_custom_page_level_css":"","site-sidebar-layout":"no-sidebar","site-content-layout":"page-builder","ast-site-content-layout":"full-width-container","site-content-style":"default","site-sidebar-style":"default","ast-global-header-display":"","ast-banner-title-visibility":"","ast-main-header-display":"","ast-hfb-above-header-display":"","ast-hfb-below-header-display":"","ast-hfb-mobile-header-display":"","site-post-title":"disabled","ast-breadcrumbs-content":"","ast-featured-img":"disabled","footer-sml-layout":"","ast-disable-related-posts":"","theme-transparent-header-meta":"","adv-header-id-meta":"","stick-header-meta":"","header-above-stick-meta":"","header-main-stick-meta":"","header-below-stick-meta":"","astra-migrate-meta-layouts":"default","ast-page-background-enabled":"default","ast-page-background-meta":{"desktop":{"background-color":"var(--ast-global-color-4)","background-image":"","background-repeat":"repeat","background-position":"center center","background-size":"auto","background-attachment":"scroll","background-type":"","background-media":"","overlay-type":"","overlay-color":"","overlay-opacity":"","overlay-gradient":""},"tablet":{"background-color":"","background-image":"","background-repeat":"repeat","background-position":"center center","background-size":"auto","background-attachment":"scroll","background-type":"","background-media":"","overlay-type":"","overlay-color":"","overlay-opacity":"","overlay-gradient":""},"mobile":{"background-color":"","background-image":"","background-repeat":"repeat","background-position":"center center","background-size":"auto","background-attachment":"scroll","background-type":"","background-media":"","overlay-type":"","overlay-color":"","overlay-opacity":"","overlay-gradient":""}},"ast-content-background-meta":{"desktop":{"background-color":"var(--ast-global-color-5)","background-image":"","background-repeat":"repeat","background-position":"center center","background-size":"auto","background-attachment":"scroll","background-type":"","background-media":"","overlay-type":"","overlay-color":"","overlay-opacity":"","overlay-gradient":""},"tablet":{"background-color":"var(--ast-global-color-5)","background-image":"","background-repeat":"repeat","background-position":"center center","background-size":"auto","background-attachment":"scroll","background-type":"","background-media":"","overlay-type":"","overlay-color":"","overlay-opacity":"","overlay-gradient":""},"mobile":{"background-color":"var(--ast-global-color-5)","background-image":"","background-repeat":"repeat","background-position":"center center","background-size":"auto","background-attachment":"scroll","background-type":"","background-media":"","overlay-type":"","overlay-color":"","overlay-opacity":"","overlay-gradient":""}},"footnotes":""},"class_list":["post-2450","page","type-page","status-publish","hentry"],"uagb_featured_image_src":{"full":false,"thumbnail":false,"medium":false,"medium_large":false,"large":false,"1536x1536":false,"2048x2048":false},"uagb_author_info":{"display_name":"Martin","author_link":"http:\/\/lapercasa.com\/index.php\/author\/martin\/"},"uagb_comment_info":0,"uagb_excerpt":"Multypanel Panel aislante compuesto de dos hojas de l\u00e1mina galvanizada y prepintada, integradas por un n\u00facleo de Poliuretano r\u00edgido y con un sistema de uni\u00f3n hemmbra-macho para: \u00a0 Construcci\u00f3n de Casetas prefabricadas, Aulas, Muros divisorios, Techumbres, etc. Detalle de fijaci\u00f3n de miltytecho Galer\u00eda de productos Multypanel","_links":{"self":[{"href":"http:\/\/lapercasa.com\/index.php\/wp-json\/wp\/v2\/pages\/2450","targetHints":{"allow":["GET"]}}],"collection":[{"href":"http:\/\/lapercasa.com\/index.php\/wp-json\/wp\/v2\/pages"}],"about":[{"href":"http:\/\/lapercasa.com\/index.php\/wp-json\/wp\/v2\/types\/page"}],"author":[{"embeddable":true,"href":"http:\/\/lapercasa.com\/index.php\/wp-json\/wp\/v2\/users\/1"}],"replies":[{"embeddable":true,"href":"http:\/\/lapercasa.com\/index.php\/wp-json\/wp\/v2\/comments?post=2450"}],"version-history":[{"count":18,"href":"http:\/\/lapercasa.com\/index.php\/wp-json\/wp\/v2\/pages\/2450\/revisions"}],"predecessor-version":[{"id":2780,"href":"http:\/\/lapercasa.com\/index.php\/wp-json\/wp\/v2\/pages\/2450\/revisions\/2780"}],"wp:attachment":[{"href":"http:\/\/lapercasa.com\/index.php\/wp-json\/wp\/v2\/media?parent=2450"}],"curies":[{"name":"wp","href":"https:\/\/api.w.org\/{rel}","templated":true}]}}