{"id":2320,"date":"2024-11-04T14:00:44","date_gmt":"2024-11-04T20:00:44","guid":{"rendered":"http:\/\/lapercasa.com\/?page_id=2320"},"modified":"2024-11-05T12:36:04","modified_gmt":"2024-11-05T18:36:04","slug":"quienes-somos","status":"publish","type":"page","link":"http:\/\/lapercasa.com\/index.php\/quienes-somos\/","title":{"rendered":"Quienes somos"},"content":{"rendered":"\t\t<div data-elementor-type=\"wp-page\" data-elementor-id=\"2320\" class=\"elementor elementor-2320\">\n\t\t\t\t<div class=\"elementor-element elementor-element-43f1a5da e-flex e-con-boxed e-con e-parent\" data-id=\"43f1a5da\" data-element_type=\"container\" data-settings=\"{&quot;background_background&quot;:&quot;classic&quot;}\">\n\t\t\t\t\t<div class=\"e-con-inner\">\n\t\t<div class=\"elementor-element elementor-element-6f8b701 e-con-full e-flex e-con e-child\" data-id=\"6f8b701\" data-element_type=\"container\" data-settings=\"{&quot;background_background&quot;:&quot;classic&quot;}\">\n\t\t\t\t<div class=\"elementor-element elementor-element-c212655 elementor-widget elementor-widget-image\" data-id=\"c212655\" data-element_type=\"widget\" data-widget_type=\"image.default\">\n\t\t\t\t<div class=\"elementor-widget-container\">\n\t\t\t\t\t\t\t\t\t\t\t\t\t\t\t<img fetchpriority=\"high\" decoding=\"async\" width=\"500\" height=\"182\" src=\"http:\/\/lapercasa.com\/wp-content\/uploads\/2024\/11\/LogoLapercasa.jpg\" class=\"attachment-large size-large wp-image-2332\" alt=\"\" srcset=\"http:\/\/lapercasa.com\/wp-content\/uploads\/2024\/11\/LogoLapercasa.jpg 500w, http:\/\/lapercasa.com\/wp-content\/uploads\/2024\/11\/LogoLapercasa-300x109.jpg 300w\" sizes=\"(max-width: 500px) 100vw, 500px\" \/>\t\t\t\t\t\t\t\t\t\t\t\t\t\t\t<\/div>\n\t\t\t\t<\/div>\n\t\t<div class=\"elementor-element elementor-element-1540407 e-con-full e-flex e-con e-child\" data-id=\"1540407\" data-element_type=\"container\">\n\t\t\t\t<div class=\"elementor-element elementor-element-215d6c1 elementor-widget elementor-widget-text-editor\" data-id=\"215d6c1\" data-element_type=\"widget\" data-widget_type=\"text-editor.default\">\n\t\t\t\t<div class=\"elementor-widget-container\">\n\t\t\t\t\t\t\t\t\t<p class=\"style2\" align=\"justify\">Laminas, Perfiles y Casetas S.A. de C.V.<\/p>\n<p class=\"style2\" align=\"justify\"><br><\/p>\n<p class=\"style2\" align=\"justify\">Somos una Empresa 100% Mexicana Fundada en mayo de 1993.<\/p>\n<p class=\"style2\" align=\"justify\"><br><\/p>\n<p class=\"style2\" align=\"justify\">Suministramos y distribuimos productos de acero como l\u00e1mina Pintro, Zintro, Multypanel y perfiles requeridos en la construcci\u00f3n de tapiales, cubiertas y casetas prefabricadas.<\/p>\n<p class=\"style2\" align=\"justify\"><br><\/p>\n<p class=\"style2\" align=\"justify\">Dise\u00f1amos y elaboramos casetas prefabricadas de l\u00e1mina Pintro y Multypanel utilizadas principalmente en aulas, bodegas, oficinas de obra y anexos para almacenes, entre otros.<\/p>\n<p class=\"style2\" align=\"justify\"><br><\/p>\n<p class=\"style2\" align=\"justify\">Distribuimos puertas Multypanel a toda la Republica Mexicana. Con nosotros encontrar\u00e1 un amplio cat\u00e1logo de modelos y medidas a fin de que solucione sus necesidades de espacio.<\/p>\n<p class=\"style2\" align=\"justify\"><br><\/p>\n<p class=\"style2\" align=\"justify\">Ponemos a su disposici\u00f3n nuestro conocimiento y experiencia para sugerirle la mejor soluci\u00f3n a sus necesidades de construcci\u00f3n y distribuci\u00f3n de espacios.<\/p>\t\t\t\t\t\t\t\t<\/div>\n\t\t\t\t<\/div>\n\t\t\t\t<\/div>\n\t\t\t\t<\/div>\n\t\t\t\t\t<\/div>\n\t\t\t\t<\/div>\n\t\t\t\t<\/div>\n\t\t","protected":false},"excerpt":{"rendered":"<p>Laminas, Perfiles y Casetas S.A. de C.V. Somos una Empresa 100% Mexicana Fundada en mayo de 1993. Suministramos y distribuimos productos de acero como l\u00e1mina Pintro, Zintro, Multypanel y perfiles requeridos en la construcci\u00f3n de tapiales, cubiertas y casetas prefabricadas. Dise\u00f1amos y elaboramos casetas prefabricadas de l\u00e1mina Pintro y Multypanel utilizadas principalmente en aulas, bodegas, [&hellip;]<\/p>\n","protected":false},"author":1,"featured_media":0,"parent":0,"menu_order":0,"comment_status":"closed","ping_status":"closed","template":"","meta":{"_uag_custom_page_level_css":"","site-sidebar-layout":"no-sidebar","site-content-layout":"page-builder","ast-site-content-layout":"full-width-container","site-content-style":"default","site-sidebar-style":"default","ast-global-header-display":"","ast-banner-title-visibility":"","ast-main-header-display":"","ast-hfb-above-header-display":"","ast-hfb-below-header-display":"","ast-hfb-mobile-header-display":"","site-post-title":"disabled","ast-breadcrumbs-content":"","ast-featured-img":"disabled","footer-sml-layout":"","ast-disable-related-posts":"","theme-transparent-header-meta":"","adv-header-id-meta":"","stick-header-meta":"","header-above-stick-meta":"","header-main-stick-meta":"","header-below-stick-meta":"","astra-migrate-meta-layouts":"set","ast-page-background-enabled":"default","ast-page-background-meta":{"desktop":{"background-color":"var(--ast-global-color-4)","background-image":"","background-repeat":"repeat","background-position":"center center","background-size":"auto","background-attachment":"scroll","background-type":"","background-media":"","overlay-type":"","overlay-color":"","overlay-opacity":"","overlay-gradient":""},"tablet":{"background-color":"","background-image":"","background-repeat":"repeat","background-position":"center center","background-size":"auto","background-attachment":"scroll","background-type":"","background-media":"","overlay-type":"","overlay-color":"","overlay-opacity":"","overlay-gradient":""},"mobile":{"background-color":"","background-image":"","background-repeat":"repeat","background-position":"center center","background-size":"auto","background-attachment":"scroll","background-type":"","background-media":"","overlay-type":"","overlay-color":"","overlay-opacity":"","overlay-gradient":""}},"ast-content-background-meta":{"desktop":{"background-color":"var(--ast-global-color-5)","background-image":"","background-repeat":"repeat","background-position":"center center","background-size":"auto","background-attachment":"scroll","background-type":"","background-media":"","overlay-type":"","overlay-color":"","overlay-opacity":"","overlay-gradient":""},"tablet":{"background-color":"var(--ast-global-color-5)","background-image":"","background-repeat":"repeat","background-position":"center center","background-size":"auto","background-attachment":"scroll","background-type":"","background-media":"","overlay-type":"","overlay-color":"","overlay-opacity":"","overlay-gradient":""},"mobile":{"background-color":"var(--ast-global-color-5)","background-image":"","background-repeat":"repeat","background-position":"center center","background-size":"auto","background-attachment":"scroll","background-type":"","background-media":"","overlay-type":"","overlay-color":"","overlay-opacity":"","overlay-gradient":""}},"footnotes":""},"class_list":["post-2320","page","type-page","status-publish","hentry"],"uagb_featured_image_src":{"full":false,"thumbnail":false,"medium":false,"medium_large":false,"large":false,"1536x1536":false,"2048x2048":false},"uagb_author_info":{"display_name":"Martin","author_link":"http:\/\/lapercasa.com\/index.php\/author\/martin\/"},"uagb_comment_info":0,"uagb_excerpt":"Laminas, Perfiles y Casetas S.A. de C.V. Somos una Empresa 100% Mexicana Fundada en mayo de 1993. Suministramos y distribuimos productos de acero como l\u00e1mina Pintro, Zintro, Multypanel y perfiles requeridos en la construcci\u00f3n de tapiales, cubiertas y casetas prefabricadas. Dise\u00f1amos y elaboramos casetas prefabricadas de l\u00e1mina Pintro y Multypanel utilizadas principalmente en aulas, bodegas,&hellip;","_links":{"self":[{"href":"http:\/\/lapercasa.com\/index.php\/wp-json\/wp\/v2\/pages\/2320","targetHints":{"allow":["GET"]}}],"collection":[{"href":"http:\/\/lapercasa.com\/index.php\/wp-json\/wp\/v2\/pages"}],"about":[{"href":"http:\/\/lapercasa.com\/index.php\/wp-json\/wp\/v2\/types\/page"}],"author":[{"embeddable":true,"href":"http:\/\/lapercasa.com\/index.php\/wp-json\/wp\/v2\/users\/1"}],"replies":[{"embeddable":true,"href":"http:\/\/lapercasa.com\/index.php\/wp-json\/wp\/v2\/comments?post=2320"}],"version-history":[{"count":7,"href":"http:\/\/lapercasa.com\/index.php\/wp-json\/wp\/v2\/pages\/2320\/revisions"}],"predecessor-version":[{"id":2336,"href":"http:\/\/lapercasa.com\/index.php\/wp-json\/wp\/v2\/pages\/2320\/revisions\/2336"}],"wp:attachment":[{"href":"http:\/\/lapercasa.com\/index.php\/wp-json\/wp\/v2\/media?parent=2320"}],"curies":[{"name":"wp","href":"https:\/\/api.w.org\/{rel}","templated":true}]}}