{"id":1328,"date":"2024-06-16T17:55:46","date_gmt":"2024-06-16T23:55:46","guid":{"rendered":"http:\/\/lapercasa.com\/contact\/"},"modified":"2024-11-15T12:58:59","modified_gmt":"2024-11-15T18:58:59","slug":"contacto","status":"publish","type":"page","link":"http:\/\/lapercasa.com\/index.php\/contacto\/","title":{"rendered":"Contacto"},"content":{"rendered":"\t\t<div data-elementor-type=\"wp-page\" data-elementor-id=\"1328\" class=\"elementor elementor-1328\">\n\t\t\t\t<div class=\"elementor-element elementor-element-d6be68a e-flex e-con-boxed e-con e-parent\" data-id=\"d6be68a\" data-element_type=\"container\">\n\t\t\t\t\t<div class=\"e-con-inner\">\n\t\t<div class=\"elementor-element elementor-element-fcb1fa8 e-con-full e-flex e-con e-child\" data-id=\"fcb1fa8\" data-element_type=\"container\">\n\t\t\t\t<div class=\"elementor-element elementor-element-9a5b7c6 elementor-widget elementor-widget-text-editor\" data-id=\"9a5b7c6\" data-element_type=\"widget\" data-widget_type=\"text-editor.default\">\n\t\t\t\t<div class=\"elementor-widget-container\">\n\t\t\t\t\t\t\t\t\t<p align=\"center\">Gral. L\u00f3pez de Santa Ana # 223, Col. Mart\u00edn Carrera<\/p><p align=\"center\">Alcald\u00eda Gustavo A. Madero C.P 07070<\/p><p align=\"center\">Ciudad de M\u00e9xico<\/p><p align=\"center\">\u00a0<\/p><p align=\"center\">Ponte en contacto con nosotros:<\/p><p class=\"style1\" align=\"center\">Tels: 55 5757 7237<br \/>55 5767 3491<\/p><p class=\"style1\" align=\"center\">55 5753 0194<\/p><p class=\"style1\" align=\"center\">\u00a0<\/p><p class=\"style1\" align=\"center\">E-mail.<\/p><p class=\"style1\" align=\"center\">lapercasa@prodigy.net.mx<\/p><p class=\"style1\" align=\"center\">rosariovega@lapercasa.com<\/p><p class=\"style1\" align=\"center\">jmgarcia@lapercasa.com<\/p><p align=\"center\">lapercasa@gmail.com<\/p>\t\t\t\t\t\t\t\t<\/div>\n\t\t\t\t<\/div>\n\t\t\t\t<\/div>\n\t\t<div class=\"elementor-element elementor-element-d41f23f e-con-full e-flex e-con e-child\" data-id=\"d41f23f\" data-element_type=\"container\">\n\t\t\t\t<div class=\"elementor-element elementor-element-ff93b52 elementor-widget elementor-widget-google_maps\" data-id=\"ff93b52\" data-element_type=\"widget\" data-widget_type=\"google_maps.default\">\n\t\t\t\t<div class=\"elementor-widget-container\">\n\t\t\t\t\t\t\t<div class=\"elementor-custom-embed\">\n\t\t\t<iframe loading=\"lazy\"\n\t\t\t\t\tsrc=\"https:\/\/maps.google.com\/maps?q=lapercasa&#038;t=m&#038;z=13&#038;output=embed&#038;iwloc=near\"\n\t\t\t\t\ttitle=\"lapercasa\"\n\t\t\t\t\taria-label=\"lapercasa\"\n\t\t\t><\/iframe>\n\t\t<\/div>\n\t\t\t\t\t\t<\/div>\n\t\t\t\t<\/div>\n\t\t\t\t<\/div>\n\t\t\t\t\t<\/div>\n\t\t\t\t<\/div>\n\t\t\t\t<\/div>\n\t\t","protected":false},"excerpt":{"rendered":"<p>Gral. L\u00f3pez de Santa Ana # 223, Col. Mart\u00edn Carrera Alcald\u00eda Gustavo A. Madero C.P 07070 Ciudad de M\u00e9xico \u00a0 Ponte en contacto con nosotros: Tels: 55 5757 723755 5767 3491 55 5753 0194 \u00a0 E-mail. lapercasa@prodigy.net.mx rosariovega@lapercasa.com jmgarcia@lapercasa.com lapercasa@gmail.com<\/p>\n","protected":false},"author":1,"featured_media":0,"parent":0,"menu_order":0,"comment_status":"closed","ping_status":"closed","template":"","meta":{"_uag_custom_page_level_css":"","site-sidebar-layout":"no-sidebar","site-content-layout":"page-builder","ast-site-content-layout":"full-width-container","site-content-style":"unboxed","site-sidebar-style":"unboxed","ast-global-header-display":"","ast-banner-title-visibility":"","ast-main-header-display":"","ast-hfb-above-header-display":"","ast-hfb-below-header-display":"","ast-hfb-mobile-header-display":"","site-post-title":"disabled","ast-breadcrumbs-content":"","ast-featured-img":"disabled","footer-sml-layout":"","ast-disable-related-posts":"","theme-transparent-header-meta":"disabled","adv-header-id-meta":"","stick-header-meta":"","header-above-stick-meta":"","header-main-stick-meta":"","header-below-stick-meta":"","astra-migrate-meta-layouts":"set","ast-page-background-enabled":"default","ast-page-background-meta":{"desktop":{"background-color":"var(--ast-global-color-4)","background-image":"","background-repeat":"repeat","background-position":"center center","background-size":"auto","background-attachment":"scroll","background-type":"","background-media":"","overlay-type":"","overlay-color":"","overlay-opacity":"","overlay-gradient":""},"tablet":{"background-color":"","background-image":"","background-repeat":"repeat","background-position":"center center","background-size":"auto","background-attachment":"scroll","background-type":"","background-media":"","overlay-type":"","overlay-color":"","overlay-opacity":"","overlay-gradient":""},"mobile":{"background-color":"","background-image":"","background-repeat":"repeat","background-position":"center center","background-size":"auto","background-attachment":"scroll","background-type":"","background-media":"","overlay-type":"","overlay-color":"","overlay-opacity":"","overlay-gradient":""}},"ast-content-background-meta":{"desktop":{"background-color":"var(--ast-global-color-5)","background-image":"","background-repeat":"repeat","background-position":"center center","background-size":"auto","background-attachment":"scroll","background-type":"","background-media":"","overlay-type":"","overlay-color":"","overlay-opacity":"","overlay-gradient":""},"tablet":{"background-color":"var(--ast-global-color-5)","background-image":"","background-repeat":"repeat","background-position":"center center","background-size":"auto","background-attachment":"scroll","background-type":"","background-media":"","overlay-type":"","overlay-color":"","overlay-opacity":"","overlay-gradient":""},"mobile":{"background-color":"var(--ast-global-color-5)","background-image":"","background-repeat":"repeat","background-position":"center center","background-size":"auto","background-attachment":"scroll","background-type":"","background-media":"","overlay-type":"","overlay-color":"","overlay-opacity":"","overlay-gradient":""}},"footnotes":""},"class_list":["post-1328","page","type-page","status-publish","hentry"],"uagb_featured_image_src":{"full":false,"thumbnail":false,"medium":false,"medium_large":false,"large":false,"1536x1536":false,"2048x2048":false},"uagb_author_info":{"display_name":"Martin","author_link":"http:\/\/lapercasa.com\/index.php\/author\/martin\/"},"uagb_comment_info":0,"uagb_excerpt":"Gral. L\u00f3pez de Santa Ana # 223, Col. Mart\u00edn Carrera Alcald\u00eda Gustavo A. Madero C.P 07070 Ciudad de M\u00e9xico \u00a0 Ponte en contacto con nosotros: Tels: 55 5757 723755 5767 3491 55 5753 0194 \u00a0 E-mail. lapercasa@prodigy.net.mx rosariovega@lapercasa.com jmgarcia@lapercasa.com lapercasa@gmail.com","_links":{"self":[{"href":"http:\/\/lapercasa.com\/index.php\/wp-json\/wp\/v2\/pages\/1328","targetHints":{"allow":["GET"]}}],"collection":[{"href":"http:\/\/lapercasa.com\/index.php\/wp-json\/wp\/v2\/pages"}],"about":[{"href":"http:\/\/lapercasa.com\/index.php\/wp-json\/wp\/v2\/types\/page"}],"author":[{"embeddable":true,"href":"http:\/\/lapercasa.com\/index.php\/wp-json\/wp\/v2\/users\/1"}],"replies":[{"embeddable":true,"href":"http:\/\/lapercasa.com\/index.php\/wp-json\/wp\/v2\/comments?post=1328"}],"version-history":[{"count":24,"href":"http:\/\/lapercasa.com\/index.php\/wp-json\/wp\/v2\/pages\/1328\/revisions"}],"predecessor-version":[{"id":2750,"href":"http:\/\/lapercasa.com\/index.php\/wp-json\/wp\/v2\/pages\/1328\/revisions\/2750"}],"wp:attachment":[{"href":"http:\/\/lapercasa.com\/index.php\/wp-json\/wp\/v2\/media?parent=1328"}],"curies":[{"name":"wp","href":"https:\/\/api.w.org\/{rel}","templated":true}]}}